{"id":27,"date":"2024-03-11T14:13:05","date_gmt":"2024-03-11T17:13:05","guid":{"rendered":"https:\/\/remocao.ifes.edu.br\/?page_id=27"},"modified":"2025-08-17T19:57:04","modified_gmt":"2025-08-17T22:57:04","slug":"perguntas-frequentes","status":"publish","type":"page","link":"https:\/\/remocao.ifes.edu.br\/index.php\/perguntas-frequentes\/","title":{"rendered":"Perguntas frequentes"},"content":{"rendered":"\n<details class=\"wp-block-details is-layout-flow wp-block-details-is-layout-flow\"><summary>Como fa\u00e7o para solicitar remo\u00e7\u00e3o?<\/summary>\n<p>Para solicitar remo\u00e7\u00e3o, basta acessar o <a href=\"https:\/\/sigrh.ifes.edu.br\/sigrh\/public\/home.jsf\" target=\"_blank\" rel=\"noreferrer noopener\">SIGRH<\/a> com seu usu\u00e1rio e senha, ir at\u00e9 a aba <em>solicita\u00e7\u00f5es > remo\u00e7\u00e3o > solicitar<\/em>.<br>Na pr\u00f3xima p\u00e1gina, ser\u00e3o apresentadas duas formas de solicita\u00e7\u00e3o, que se complementam:<br>\u2022 Uma \u00e9 a \u2018inten\u00e7\u00e3o de remo\u00e7\u00e3o\u2019, que se aplica em fluxo cont\u00ednuo para qualquer cargo que deseje solicitar remo\u00e7\u00e3o, mesmo que n\u00e3o tenha o c\u00f3digo de vaga dispon\u00edvel no momento. Essa solicita\u00e7\u00e3o ficar\u00e1 registrada no menu \u2018painel\u2019, dispon\u00edvel aqui no portal remocao.ifes.edu.br. Este painel servir\u00e1 para possibilitar permutas e remo\u00e7\u00f5es futuras, caso aquele campus venha a dispor da vaga solicitada no futuro.<br>\u2022 A outra op\u00e7\u00e3o, \u2018remo\u00e7\u00e3o por chamada interna\u2019, aplica-se quando o Ifes publica editais de remo\u00e7\u00e3o com vagas espec\u00edficas. Os servidores interessados devem se inscrever conforme o cronograma e crit\u00e9rios do edital vigente.<\/p>\n\n\n\n<p><\/p>\n<\/details>\n\n\n\n<details class=\"wp-block-details is-layout-flow wp-block-details-is-layout-flow\"><summary>Quais os tipos de remo\u00e7\u00e3o que existem?<\/summary>\n<p>A resolu\u00e7\u00e3o prev\u00ea as seguintes modalidades:<br>\u2022 De of\u00edcio (no interesse da Administra\u00e7\u00e3o)<br>\u2022 A pedido, a crit\u00e9rio da Administra\u00e7\u00e3o<br>\u2022 A pedido, independentemente do interesse da Administra\u00e7\u00e3o, em tr\u00eas situa\u00e7\u00f5es: para acompanhar c\u00f4njuge ou companheiro, tamb\u00e9m servidor p\u00fablico civil ou militar, que foi deslocado no interesse da Administra\u00e7\u00e3o; por motivo de sa\u00fade do servidor, c\u00f4njuge, companheiro ou dependente que viva \u00e0s suas expensas e conste do seu assentamento funcional, condicionada \u00e0 comprova\u00e7\u00e3o por junta m\u00e9dica oficial; ou por processo seletivo de remo\u00e7\u00e3o interna.<\/p>\n\n\n\n<p><\/p>\n<\/details>\n\n\n\n<details class=\"wp-block-details is-layout-flow wp-block-details-is-layout-flow\"><summary>Como funciona a permuta de servidores?<\/summary>\n<p>A permuta \u00e9 uma modalidade de remo\u00e7\u00e3o a pedido, prevista no art. 16, inciso II, da Resolu\u00e7\u00e3o CONSUP n\u00ba 290\/2024. Ela ocorre entre dois servidores do Ifes que tenham manifestado interesse em trocar de unidade de lota\u00e7\u00e3o, desde que:<br>\u2022 Possuam cargos no mesmo n\u00edvel de classifica\u00e7\u00e3o (A, B, C, D ou E) no caso dos t\u00e9cnicos administrativos em educa\u00e7\u00e3o, ou a mesma gradua\u00e7\u00e3o de ingresso no caso dos docentes, conforme exigido no art. 4\u00ba, inciso II;<br>\u2022 Haja concord\u00e2ncia expressa dos dirigentes m\u00e1ximos das unidades envolvidas.<br>Ficar\u00e1 dispon\u00edvel no SIGRH, refletido no painel do portal de remo\u00e7\u00e3o do Ifes (https:\/\/remocao.ifes.edu.br) um quadro com as inten\u00e7\u00f5es de remo\u00e7\u00e3o dos servidores, que poder\u00e1 ser visualizado por todos.<br>Quando forem identificados dois servidores com perfis compat\u00edveis, eles dever\u00e3o informar os dirigentes m\u00e1ximos das unidades envolvidas, que, caso concordem, encaminhar\u00e3o a solicita\u00e7\u00e3o formal \u00e0 Diretoria de Gest\u00e3o de Pessoas da Reitoria.<br>Al\u00e9m disso, ser\u00e1 realizada uma comunica\u00e7\u00e3o a todos os servidores dos campi envolvidos, abrindo-se um prazo de 30 dias para que outros servidores tamb\u00e9m compat\u00edveis possam manifestar interesse.<br>Se houver mais de um interessado na permuta, os candidatos ser\u00e3o submetidos a processo seletivo.<br>A remo\u00e7\u00e3o por permuta enseja a reposi\u00e7\u00e3o imediata da vaga, sendo condicionada \u00e0 entrada do outro servidor no campus de origem.<\/p>\n\n\n\n<p><\/p>\n<\/details>\n\n\n\n<details class=\"wp-block-details is-layout-flow wp-block-details-is-layout-flow\"><summary>Todos os cargos vagos do Ifes ser\u00e3o providos pela remo\u00e7\u00e3o?<\/summary>\n<p>O art. 32 da Resolu\u00e7\u00e3o CONSUP n\u00ba 290\/2024 estabelece uma ordem obrigat\u00f3ria de provimento das vagas no Ifes:<br>1. Remo\u00e7\u00e3o por processo seletivo interno;<br>2. Aproveitamento de concursos vigentes;<br>3. Redistribui\u00e7\u00e3o;<br>4. Novo concurso p\u00fablico.<br>Ou seja, a remo\u00e7\u00e3o interna tem prioridade no preenchimento das vagas, mas n\u00e3o \u00e9 a \u00fanica forma prevista. H\u00e1 ainda exce\u00e7\u00f5es previstas na Resolu\u00e7\u00e3o:<br>\u2022 Se ocorrer vac\u00e2ncia at\u00e9 6 meses ap\u00f3s o provimento da vaga por processo seletivo de remo\u00e7\u00e3o, ser\u00e1 autorizado novo provimento sem necessidade de novo processo seletivo de remo\u00e7\u00e3o;<br>\u2022 As unidades que tiverem renovado 25% ou mais de sua for\u00e7a de trabalho nos \u00faltimos 3 anos, exclusivamente por remo\u00e7\u00f5es internas, est\u00e3o dispensadas de cumprir essa ordem de provimento estabelecida no caput.<\/p>\n\n\n\n<p><\/p>\n<\/details>\n\n\n\n<details class=\"wp-block-details is-layout-flow wp-block-details-is-layout-flow\"><summary>Quando ser\u00e3o divulgados os editais de remo\u00e7\u00e3o?<\/summary>\n<p>Haver\u00e1 pelo menos um edital anual centralizado pela Reitoria. Os campi tamb\u00e9m podem publicar editais conforme demanda local, desde que respeitem os prazos e crit\u00e9rios previstos na Resolu\u00e7\u00e3o.<\/p>\n<\/details>\n\n\n\n<details class=\"wp-block-details is-layout-flow wp-block-details-is-layout-flow\"><summary>Como atualizar meu curr\u00edculo no SIGRH?<\/summary>\n<p>Para participar dos processos seletivos de remo\u00e7\u00e3o interna, \u00e9 obrigat\u00f3ria a atualiza\u00e7\u00e3o do curr\u00edculo no Banco de Talentos do <a href=\"https:\/\/sigrh.ifes.edu.br\/sigrh\/public\/home.jsf\" target=\"_blank\" rel=\"noreferrer noopener\">SIGRH<\/a>, conforme previsto no art. 29 da Resolu\u00e7\u00e3o CONSUP n\u00ba 290\/2024. Essa atualiza\u00e7\u00e3o \u00e9 obrigat\u00f3ria para participar de processos seletivos de remo\u00e7\u00e3o.<br>Para isso, siga os passos:<br>1. Acesse o <a href=\"https:\/\/sigrh.ifes.edu.br\/sigrh\/public\/home.jsf\">SIGRH<\/a>;<br>2. V\u00e1 at\u00e9 o <em>M\u00f3dulo do Servidor<\/em>;<br>3. Clique em <em>Capacita\u00e7\u00e3o > Banco de Talentos<\/em>;<br>4. Selecione a op\u00e7\u00e3o <em>Cadastrar\/Atualizar Curr\u00edculo<\/em>;<br>5. Preencha ou revise todas as informa\u00e7\u00f5es relevantes antes de confirmar.<\/p>\n\n\n\n<p><\/p>\n<\/details>\n\n\n\n<details class=\"wp-block-details is-layout-flow wp-block-details-is-layout-flow\"><summary>Registrei um pedido de remo\u00e7\u00e3o. Posso alter\u00e1-lo?<\/summary>\n<p>No registro de inten\u00e7\u00e3o de remo\u00e7\u00e3o registrada no fluxo cont\u00ednuo (SIGRH > Remo\u00e7\u00e3o > Solicitar) o servidor pode alterar sua solicita\u00e7\u00e3o de remo\u00e7\u00e3o a qualquer momento e quantas vezes desejar. Esse registro fica vis\u00edvel no <a href=\"https:\/\/remocao.ifes.edu.br\/index.php\/painel\/\">painel do Portal de Remo\u00e7\u00e3o do Ifes<\/a> e pode ser ajustado livremente pelo servidor, conforme seu interesse.<br>Essa flexibilidade permite acompanhar o surgimento de novas vagas e manter suas prefer\u00eancias atualizadas no sistema.<br><strong>Exemplo pr\u00e1tico:<\/strong><br><em>Voc\u00ea registrou interesse para o campus Guarapari. Durante o ano, \u00e9 publicada uma vaga no campus Viana compat\u00edvel com seu perfil. Voc\u00ea pode alterar sua solicita\u00e7\u00e3o no sistema e concorrer \u00e0 vaga de Viana.<br>Caso n\u00e3o seja aprovado, poder\u00e1 retornar ao registro anterior (Guarapari) e continuar vis\u00edvel para futuras oportunidades ou permutas.<\/em><br>No caso de processo seletivo, o servidor pode desistir de sua inscri\u00e7\u00e3o enquanto o resultado ainda n\u00e3o tiver sido homologado. Ap\u00f3s a homologa\u00e7\u00e3o, a desist\u00eancia s\u00f3 ser\u00e1 aceita por motivo de for\u00e7a maior, devidamente justificado e aprovado pela autoridade competente (art. 36 da Resolu\u00e7\u00e3o).<\/p>\n\n\n\n<p><\/p>\n<\/details>\n\n\n\n<details class=\"wp-block-details is-layout-flow wp-block-details-is-layout-flow\"><summary>Quais os crit\u00e9rios de classifica\u00e7\u00e3o para a remo\u00e7\u00e3o?<\/summary>\n<p>Os crit\u00e9rios est\u00e3o estabelecidos no art. 30 da Resolu\u00e7\u00e3o CONSUP n\u00ba 290\/2024. Veja tamb\u00e9m na p\u00e1gina \u201cComo Funciona\u201d, na se\u00e7\u00e3o Crit\u00e9rios para Remo\u00e7\u00e3o.<\/p>\n<\/details>\n\n\n\n<details class=\"wp-block-details is-layout-flow wp-block-details-is-layout-flow\"><summary>Como funcionam os b\u00f4nus de pontua\u00e7\u00e3o no processo seletivo?<\/summary>\n<p>O processo seletivo de remo\u00e7\u00e3o interna prev\u00ea dois b\u00f4nus adicionais de pontua\u00e7\u00e3o, conforme os \u00a7\u00a7 2\u00ba e 3\u00ba do art. 30 da Resolu\u00e7\u00e3o CONSUP n\u00ba 290\/2024:<br>1. B\u00f4nus de 20% sobre a pontua\u00e7\u00e3o total<br>Concedido ao servidor que declarar n\u00e3o ter sido removido por processo seletivo interno do Ifes nos \u00faltimos 5 anos.<br>\u25e6 A declara\u00e7\u00e3o deve seguir o modelo previsto no Anexo I da Resolu\u00e7\u00e3o;<br>\u25e6 A comprova\u00e7\u00e3o de falsidade acarreta desclassifica\u00e7\u00e3o imediata do servidor do processo seletivo (art. 30, \u00a74\u00ba).<br>2. B\u00f4nus de 20% sobre a pontua\u00e7\u00e3o referente ao tempo de exerc\u00edcio na unidade atual<br>Aplic\u00e1vel no momento da inscri\u00e7\u00e3o, considerando o tempo de efetivo exerc\u00edcio no campus de origem.<br>Esses b\u00f4nus s\u00e3o somados \u00e0 pontua\u00e7\u00e3o obtida com base nos crit\u00e9rios regulares (tempo de servi\u00e7o, participa\u00e7\u00e3o em comiss\u00f5es, coordena\u00e7\u00f5es, titula\u00e7\u00e3o etc.).<\/p>\n\n\n\n<p><\/p>\n<\/details>\n\n\n\n<details class=\"wp-block-details is-layout-flow wp-block-details-is-layout-flow\"><summary>Um campus pode estabelecer novos crit\u00e9rios?<\/summary>\n<p>N\u00e3o. Os crit\u00e9rios est\u00e3o padronizados na Resolu\u00e7\u00e3o CONSUP n\u00ba 290\/2024 e n\u00e3o podem ser alterados por unidade organizadora.<\/p>\n<\/details>\n\n\n\n<details class=\"wp-block-details is-layout-flow wp-block-details-is-layout-flow\"><summary>Posso requerer minha remo\u00e7\u00e3o durante licen\u00e7a ou afastamento?<\/summary>\n<p>Sim. O art. 40 trata dos casos de servidores em licen\u00e7a, afastamento, exerc\u00edcio provis\u00f3rio, etc. Eles ser\u00e3o removidos, mas s\u00f3 se apresentar\u00e3o na nova unidade ap\u00f3s o t\u00e9rmino da licen\u00e7a ou afastamento, segundo os prazos de deslocamento estabelecidos na Portaria do Reitor do Ifes n\u00ba 217\/2015.<\/p>\n<\/details>\n\n\n\n<details class=\"wp-block-details is-layout-flow wp-block-details-is-layout-flow\"><summary>Em quais tipos de licen\u00e7a e afastamento \u00e9 permitido requerer remo\u00e7\u00e3o?<\/summary>\n<p>As licen\u00e7as e afastamentos legais est\u00e3o previstas, respectivamente, nos arts. 81 e 102 da <a href=\"https:\/\/www.planalto.gov.br\/ccivil_03\/leis\/l8112cons.htm\" target=\"_blank\" rel=\"noreferrer noopener\">Lei n\u00ba 8.112 de 1990<\/a>.<\/p>\n<\/details>\n\n\n\n<details class=\"wp-block-details is-layout-flow wp-block-details-is-layout-flow\"><summary>O prazo de deslocamento para apresentar-se no campus de destino poder\u00e1 ser prorrogado?<\/summary>\n<p>Sim. O prazo de 10 ou 15 dias para deslocamento de que trata a portaria n\u00ba 217\/2015 \u00e9 ato discricion\u00e1rio, observado o disposto no Art. 18 da <a href=\"https:\/\/www.planalto.gov.br\/ccivil_03\/leis\/l8112cons.htm\" target=\"_blank\" rel=\"noreferrer noopener\">Lei n\u00ba 8.112 de 1990<\/a>. Desta forma, o prazo para apresentar-se no campus para o qual o servidor foi removido poder\u00e1 ser prorrogado por no m\u00e1ximo 30 dias, mediante justificativa formalizada e apresentada \u00e0 comiss\u00e3o de remo\u00e7\u00f5es.<\/p>\n<\/details>\n\n\n\n<p><\/p>\n\n\n\n<p>D\u00favidas podem ser enviadas para o e-mail <a href=\"mailto:remocao@ifes.edu.br\">remocao@ifes.edu.br<\/a>.<\/p>\n\n\n\n<p><\/p>\n","protected":false},"excerpt":{"rendered":"<p>D\u00favidas podem ser enviadas para o e-mail remocao@ifes.edu.br.<\/p>\n","protected":false},"author":1,"featured_media":0,"parent":0,"menu_order":0,"comment_status":"closed","ping_status":"closed","template":"","meta":{"site-sidebar-layout":"default","site-content-layout":"","ast-site-content-layout":"","site-content-style":"default","site-sidebar-style":"default","ast-global-header-display":"","ast-banner-title-visibility":"","ast-main-header-display":"","ast-hfb-above-header-display":"","ast-hfb-below-header-display":"","ast-hfb-mobile-header-display":"","site-post-title":"","ast-breadcrumbs-content":"","ast-featured-img":"","footer-sml-layout":"","theme-transparent-header-meta":"","adv-header-id-meta":"","stick-header-meta":"","header-above-stick-meta":"","header-main-stick-meta":"","header-below-stick-meta":"","astra-migrate-meta-layouts":"default","ast-page-background-enabled":"default","ast-page-background-meta":{"desktop":{"background-color":"var(--ast-global-color-4)","background-image":"","background-repeat":"repeat","background-position":"center center","background-size":"auto","background-attachment":"scroll","background-type":"","background-media":"","overlay-type":"","overlay-color":"","overlay-opacity":"","overlay-gradient":""},"tablet":{"background-color":"","background-image":"","background-repeat":"repeat","background-position":"center center","background-size":"auto","background-attachment":"scroll","background-type":"","background-media":"","overlay-type":"","overlay-color":"","overlay-opacity":"","overlay-gradient":""},"mobile":{"background-color":"","background-image":"","background-repeat":"repeat","background-position":"center center","background-size":"auto","background-attachment":"scroll","background-type":"","background-media":"","overlay-type":"","overlay-color":"","overlay-opacity":"","overlay-gradient":""}},"ast-content-background-meta":{"desktop":{"background-color":"var(--ast-global-color-5)","background-image":"","background-repeat":"repeat","background-position":"center center","background-size":"auto","background-attachment":"scroll","background-type":"","background-media":"","overlay-type":"","overlay-color":"","overlay-opacity":"","overlay-gradient":""},"tablet":{"background-color":"var(--ast-global-color-5)","background-image":"","background-repeat":"repeat","background-position":"center center","background-size":"auto","background-attachment":"scroll","background-type":"","background-media":"","overlay-type":"","overlay-color":"","overlay-opacity":"","overlay-gradient":""},"mobile":{"background-color":"var(--ast-global-color-5)","background-image":"","background-repeat":"repeat","background-position":"center center","background-size":"auto","background-attachment":"scroll","background-type":"","background-media":"","overlay-type":"","overlay-color":"","overlay-opacity":"","overlay-gradient":""}},"footnotes":""},"class_list":["post-27","page","type-page","status-publish","hentry"],"_links":{"self":[{"href":"https:\/\/remocao.ifes.edu.br\/index.php\/wp-json\/wp\/v2\/pages\/27","targetHints":{"allow":["GET"]}}],"collection":[{"href":"https:\/\/remocao.ifes.edu.br\/index.php\/wp-json\/wp\/v2\/pages"}],"about":[{"href":"https:\/\/remocao.ifes.edu.br\/index.php\/wp-json\/wp\/v2\/types\/page"}],"author":[{"embeddable":true,"href":"https:\/\/remocao.ifes.edu.br\/index.php\/wp-json\/wp\/v2\/users\/1"}],"replies":[{"embeddable":true,"href":"https:\/\/remocao.ifes.edu.br\/index.php\/wp-json\/wp\/v2\/comments?post=27"}],"version-history":[{"count":16,"href":"https:\/\/remocao.ifes.edu.br\/index.php\/wp-json\/wp\/v2\/pages\/27\/revisions"}],"predecessor-version":[{"id":2245,"href":"https:\/\/remocao.ifes.edu.br\/index.php\/wp-json\/wp\/v2\/pages\/27\/revisions\/2245"}],"wp:attachment":[{"href":"https:\/\/remocao.ifes.edu.br\/index.php\/wp-json\/wp\/v2\/media?parent=27"}],"curies":[{"name":"wp","href":"https:\/\/api.w.org\/{rel}","templated":true}]}}