{"id":31,"date":"2024-03-11T14:15:23","date_gmt":"2024-03-11T17:15:23","guid":{"rendered":"https:\/\/remocao.ifes.edu.br\/?page_id=31"},"modified":"2025-08-28T13:42:50","modified_gmt":"2025-08-28T16:42:50","slug":"painel","status":"publish","type":"page","link":"https:\/\/remocao.ifes.edu.br\/index.php\/painel\/","title":{"rendered":"Painel"},"content":{"rendered":"<p>O sistema se encontra temporariamente inativo para manuten\u00e7\u00e3o.<br \/>\n<!--p>Nesta p\u00e1gina est\u00e3o dispon\u00edveis as manifesta\u00e7\u00f5es de inten\u00e7\u00e3o de remo\u00e7\u00e3o de servidores do Ifes e todos os cargos vagos da institui\u00e7\u00e3o. Os dados s\u00e3o atualizados mensalmente.\n\nDeseja registrar uma inten\u00e7\u00e3o de remo\u00e7\u00e3o? <a href=\"https:\/\/remocao3.ifes.edu.br\/index.php\/registre-seu-interesse\/\">Registre seu interesse aqui.<\/a>\n\n\n<h2 class=\"inner-page\">Pesquisa<\/h2>\n\n\n\n\n<div id=\"id_pesquisa\">\n\n\n<div><label>Servidor:<\/label>\n<input id=\"id_nome\" name=\"nome_servidor\" type=\"text\" \/><\/div>\n\n\n\n\n<div><label>Tipo:<\/label>\n<select id=\"id_categoria\" name=\"categoria\"> \n<option selected=\"selected\" value=\"0\">Selecione<\/option>\n<option value=\"1\">Docente<\/option>\n<option value=\"2\">T\u00e9cnico-Administrativo<\/option>\n <\/select><\/div>\n\n\n\n\n<div><label>Unidade de origem:<\/label>\n<input id=\"id_campus_origem\" name=\"campus_origem\" type=\"text\" \/><\/div>\n\n\n\n\n<div><label>Unidade de destino:<\/label>\n<input id=\"id_campus_destino\" name=\"campus_destino\" type=\"text\" \/><\/div>\n\n\n\n\n<div><label>Cargo:<\/label>\n<input id=\"id_cargo\" name=\"cargo\" type=\"text\" \/><\/div>\n\n\n\n\n<div id=\"div_busca\"><button id=\"id_btnBuscar\" type=\"button\">Buscar<\/button><\/div>\n\n\n<\/div>\n\n\n<script type=\"text\/javascript\" src=\"https:\/\/remocao3.ifes.edu.br\/wp-content\/plugins\/painel\/painel.js\"><\/script>\n\n\n<div id=\"id-div-body\">\u00a0<\/div-->\n","protected":false},"excerpt":{"rendered":"<p>O sistema se encontra temporariamente inativo para manuten\u00e7\u00e3o.<\/p>\n","protected":false},"author":1,"featured_media":0,"parent":0,"menu_order":0,"comment_status":"closed","ping_status":"closed","template":"","meta":{"site-sidebar-layout":"default","site-content-layout":"","ast-site-content-layout":"","site-content-style":"default","site-sidebar-style":"default","ast-global-header-display":"","ast-banner-title-visibility":"","ast-main-header-display":"","ast-hfb-above-header-display":"","ast-hfb-below-header-display":"","ast-hfb-mobile-header-display":"","site-post-title":"","ast-breadcrumbs-content":"","ast-featured-img":"","footer-sml-layout":"","theme-transparent-header-meta":"","adv-header-id-meta":"","stick-header-meta":"","header-above-stick-meta":"","header-main-stick-meta":"","header-below-stick-meta":"","astra-migrate-meta-layouts":"default","ast-page-background-enabled":"default","ast-page-background-meta":{"desktop":{"background-color":"var(--ast-global-color-4)","background-image":"","background-repeat":"repeat","background-position":"center center","background-size":"auto","background-attachment":"scroll","background-type":"","background-media":"","overlay-type":"","overlay-color":"","overlay-opacity":"","overlay-gradient":""},"tablet":{"background-color":"","background-image":"","background-repeat":"repeat","background-position":"center center","background-size":"auto","background-attachment":"scroll","background-type":"","background-media":"","overlay-type":"","overlay-color":"","overlay-opacity":"","overlay-gradient":""},"mobile":{"background-color":"","background-image":"","background-repeat":"repeat","background-position":"center center","background-size":"auto","background-attachment":"scroll","background-type":"","background-media":"","overlay-type":"","overlay-color":"","overlay-opacity":"","overlay-gradient":""}},"ast-content-background-meta":{"desktop":{"background-color":"var(--ast-global-color-5)","background-image":"","background-repeat":"repeat","background-position":"center center","background-size":"auto","background-attachment":"scroll","background-type":"","background-media":"","overlay-type":"","overlay-color":"","overlay-opacity":"","overlay-gradient":""},"tablet":{"background-color":"var(--ast-global-color-5)","background-image":"","background-repeat":"repeat","background-position":"center center","background-size":"auto","background-attachment":"scroll","background-type":"","background-media":"","overlay-type":"","overlay-color":"","overlay-opacity":"","overlay-gradient":""},"mobile":{"background-color":"var(--ast-global-color-5)","background-image":"","background-repeat":"repeat","background-position":"center center","background-size":"auto","background-attachment":"scroll","background-type":"","background-media":"","overlay-type":"","overlay-color":"","overlay-opacity":"","overlay-gradient":""}},"footnotes":""},"class_list":["post-31","page","type-page","status-publish","hentry"],"_links":{"self":[{"href":"https:\/\/remocao.ifes.edu.br\/index.php\/wp-json\/wp\/v2\/pages\/31","targetHints":{"allow":["GET"]}}],"collection":[{"href":"https:\/\/remocao.ifes.edu.br\/index.php\/wp-json\/wp\/v2\/pages"}],"about":[{"href":"https:\/\/remocao.ifes.edu.br\/index.php\/wp-json\/wp\/v2\/types\/page"}],"author":[{"embeddable":true,"href":"https:\/\/remocao.ifes.edu.br\/index.php\/wp-json\/wp\/v2\/users\/1"}],"replies":[{"embeddable":true,"href":"https:\/\/remocao.ifes.edu.br\/index.php\/wp-json\/wp\/v2\/comments?post=31"}],"version-history":[{"count":5,"href":"https:\/\/remocao.ifes.edu.br\/index.php\/wp-json\/wp\/v2\/pages\/31\/revisions"}],"predecessor-version":[{"id":2354,"href":"https:\/\/remocao.ifes.edu.br\/index.php\/wp-json\/wp\/v2\/pages\/31\/revisions\/2354"}],"wp:attachment":[{"href":"https:\/\/remocao.ifes.edu.br\/index.php\/wp-json\/wp\/v2\/media?parent=31"}],"curies":[{"name":"wp","href":"https:\/\/api.w.org\/{rel}","templated":true}]}}